{"id":6483,"date":"2026-02-28T13:33:33","date_gmt":"2026-02-28T16:33:33","guid":{"rendered":"https:\/\/cav.fluxwebs.com\/?post_type=product&#038;p=6483"},"modified":"2026-02-28T18:04:18","modified_gmt":"2026-02-28T21:04:18","slug":"round-cakes","status":"publish","type":"product","link":"https:\/\/cav.fluxwebs.com\/es\/producto\/round-cakes\/","title":{"rendered":"Pastel redondo"},"content":{"rendered":"<p data-start=\"81\" data-end=\"97\"><strong data-start=\"81\" data-end=\"97\">Cakes redondos<br \/>\n<\/strong>Pastel artesanal disponible en varios tama\u00f1os y dise\u00f1os. Elaborado con suave bizcocho de vainilla (panetela) y relleno de crema de coco, guayaba o chocolate a elegir. El peso aproximado puede variar seg\u00fan el tama\u00f1o y la decoraci\u00f3n. Perfecto para cumplea\u00f1os, celebraciones, eventos especiales o simplemente para disfrutar de un momento delicioso.<\/p>\n<p data-start=\"432\" data-end=\"453\" class=\"translation-block\"><strong data-start=\"432\" data-end=\"453\">Caracter\u00edsticas del producto:<\/strong><br>\nBizcocho de vainilla suave (panetela)<br>\nOpciones de relleno: coco, guayaba o crema de chocolate<br>\nDisponible en varios tama\u00f1os y alturas<br>\nEl peso aproximado var\u00eda seg\u00fan el tama\u00f1o y la personalizaci\u00f3n<br>\nApto para celebraciones peque\u00f1as o grandes<br>\nInformaci\u00f3n sobre al\u00e9rgenos: Contiene gluten, huevos y l\u00e1cteos.<\/p>","protected":false},"excerpt":{"rendered":"<p>Pastel artesanal disponible en varios tama\u00f1os y dise\u00f1os. Elaborado con suave bizcocho de vainilla (panetela) y relleno de crema de coco, guayaba o chocolate a elegir. Perfecto para cumplea\u00f1os, celebraciones, eventos especiales o simplemente para disfrutar de un momento delicioso.<br \/>\n<!-- cake mediano --><\/p>","protected":false},"featured_media":6487,"comment_status":"open","ping_status":"closed","template":"","meta":{"_kad_post_transparent":"default","_kad_post_title":"","_kad_post_layout":"default","_kad_post_sidebar_id":"","_kad_post_content_style":"default","_kad_post_vertical_padding":"default","_kad_post_feature":"","_kad_post_feature_position":"","_kad_post_header":false,"_kad_post_footer":false,"_kad_post_classname":""},"product_brand":[],"product_cat":[88],"product_tag":[96,174,172],"class_list":{"0":"post-6483","1":"product","2":"type-product","3":"status-publish","4":"has-post-thumbnail","6":"product_cat-breads","7":"product_tag-cake","8":"product_tag-desserts","9":"product_tag-sweets","10":"product_shipping_class-medium","11":"mulopimfwc_store_location-havana-lisa","13":"first","14":"instock","15":"purchasable","16":"product-type-variable","17":"entry","18":"content-bg","19":"loop-entry"},"publishpress_future_action":{"enabled":false,"date":"2026-04-23 14:50:18","action":"change-status","newStatus":"draft","terms":[],"taxonomy":"product_brand","extraData":[]},"publishpress_future_workflow_manual_trigger":{"enabledWorkflows":[]},"_links":{"self":[{"href":"https:\/\/cav.fluxwebs.com\/es\/wp-json\/wp\/v2\/product\/6483","targetHints":{"allow":["GET"]}}],"collection":[{"href":"https:\/\/cav.fluxwebs.com\/es\/wp-json\/wp\/v2\/product"}],"about":[{"href":"https:\/\/cav.fluxwebs.com\/es\/wp-json\/wp\/v2\/types\/product"}],"replies":[{"embeddable":true,"href":"https:\/\/cav.fluxwebs.com\/es\/wp-json\/wp\/v2\/comments?post=6483"}],"wp:featuredmedia":[{"embeddable":true,"href":"https:\/\/cav.fluxwebs.com\/es\/wp-json\/wp\/v2\/media\/6487"}],"wp:attachment":[{"href":"https:\/\/cav.fluxwebs.com\/es\/wp-json\/wp\/v2\/media?parent=6483"}],"wp:term":[{"taxonomy":"product_brand","embeddable":true,"href":"https:\/\/cav.fluxwebs.com\/es\/wp-json\/wp\/v2\/product_brand?post=6483"},{"taxonomy":"product_cat","embeddable":true,"href":"https:\/\/cav.fluxwebs.com\/es\/wp-json\/wp\/v2\/product_cat?post=6483"},{"taxonomy":"product_tag","embeddable":true,"href":"https:\/\/cav.fluxwebs.com\/es\/wp-json\/wp\/v2\/product_tag?post=6483"}],"curies":[{"name":"wp","href":"https:\/\/api.w.org\/{rel}","templated":true}]}}