{"id":6059,"date":"2026-02-04T20:21:52","date_gmt":"2026-02-04T23:21:52","guid":{"rendered":"https:\/\/cav.fluxwebs.com\/?post_type=product&#038;p=6059"},"modified":"2026-02-04T20:49:47","modified_gmt":"2026-02-04T23:49:47","slug":"zeneogk-ba-04-titan-inverter","status":"publish","type":"product","link":"https:\/\/cav.fluxwebs.com\/es\/producto\/zeneogk-ba-04-titan-inverter\/","title":{"rendered":"Inversor ZENEOGK BA-04 TITAN"},"content":{"rendered":"<p class=\"translation-block\"><strong>Inversor ZENEOGK BA-04 TITAN<\/strong>: bater\u00eda de almacenamiento de energ\u00eda de 12,8 V y 300 Ah (3840 Wh) | Blanco<\/p>\n<p data-start=\"1862\" data-end=\"2219\">Actualice su sistema energ\u00e9tico con el inversor ZENEOGK BA-04 TITAN, una soluci\u00f3n avanzada de almacenamiento de energ\u00eda dise\u00f1ada para sistemas solares, energ\u00eda de respaldo y aplicaciones aisladas de la red el\u00e9ctrica. Su tecnolog\u00eda de bater\u00eda de litio LiFePO\u2084 ofrece seguridad superior, estabilidad t\u00e9rmica y larga vida \u00fatil, lo que lo convierte en una inversi\u00f3n inteligente a largo plazo tanto para uso residencial como comercial.<\/p>\n<p data-start=\"2221\" data-end=\"2493\">Con una alta capacidad de 300 Ah y una salida total de energ\u00eda de 3840 Wh, esta unidad garantiza un suministro de energ\u00eda fiable y estable para electrodom\u00e9sticos, sistemas cr\u00edticos y dispositivos electr\u00f3nicos sensibles. Su dise\u00f1o compacto y blanco permite una instalaci\u00f3n sencilla en salas t\u00e9cnicas o entornos dom\u00e9sticos.<\/p>\n<p data-start=\"2350\" data-end=\"2371\" class=\"translation-block\"><strong data-start=\"2350\" data-end=\"2371\">Caracter\u00edsticas del producto:<\/strong><br>\nTipo de bater\u00eda: LiFePO\u2084  (fosfato de hierro y litio).<br data-start=\"2576\" data-end=\"2579\">Capacidad nominal: 300 Ah.<br data-start=\"2603\" data-end=\"2606\">Almacenamiento de energ\u00eda: 3840 Wh.<br data-start=\"2632\" data-end=\"2635\">Tensi\u00f3n nominal: 12,8 V.<br data-start=\"2659\" data-end=\"2662\">Rango de tensi\u00f3n de funcionamiento: 10,8 V \u2013 14,6 V.<br data-start=\"2704\" data-end=\"2707\">Color: Blanco.<br data-start=\"2723\" data-end=\"2726\">Uso recomendado: Sistemas solares, energ\u00eda de emergencia, instalaciones aisladas de la red el\u00e9ctrica y Almacenamiento de energ\u00eda en el hogar.<br data-start=\"2822\" data-end=\"2825\">Seguridad: Alta estabilidad t\u00e9rmica y protecci\u00f3n contra sobrecargas.<\/p>","protected":false},"excerpt":{"rendered":"<p data-start=\"2510\" data-end=\"2643\">Bater\u00eda inversora ZENEOGK BA-04 TITAN LiFePO\u2084 con capacidad de 300Ah y 3840Wh, ideal para sistemas de energ\u00eda solar y de respaldo.<\/p>\n<p><!-- Galletas Dulces --><\/p>","protected":false},"featured_media":6082,"comment_status":"open","ping_status":"closed","template":"","meta":{"_kad_post_transparent":"default","_kad_post_title":"","_kad_post_layout":"default","_kad_post_sidebar_id":"","_kad_post_content_style":"default","_kad_post_vertical_padding":"default","_kad_post_feature":"","_kad_post_feature_position":"","_kad_post_header":false,"_kad_post_footer":false,"_kad_post_classname":""},"product_brand":[280],"product_cat":[183],"product_tag":[278,279,185],"class_list":{"0":"post-6059","1":"product","2":"type-product","3":"status-publish","4":"has-post-thumbnail","6":"product_brand-zeneogk","7":"product_cat-renewable-energy","8":"product_tag-battery","9":"product_tag-inverters","10":"product_tag-solar-panels","11":"product_shipping_class-heavy","12":"mulopimfwc_store_location-moron","14":"first","15":"instock","16":"purchasable","17":"product-type-simple","18":"entry","19":"content-bg","20":"loop-entry"},"publishpress_future_action":{"enabled":false,"date":"2026-04-23 13:23:29","action":"change-status","newStatus":"draft","terms":[],"taxonomy":"product_brand","extraData":[]},"publishpress_future_workflow_manual_trigger":{"enabledWorkflows":[]},"_links":{"self":[{"href":"https:\/\/cav.fluxwebs.com\/es\/wp-json\/wp\/v2\/product\/6059","targetHints":{"allow":["GET"]}}],"collection":[{"href":"https:\/\/cav.fluxwebs.com\/es\/wp-json\/wp\/v2\/product"}],"about":[{"href":"https:\/\/cav.fluxwebs.com\/es\/wp-json\/wp\/v2\/types\/product"}],"replies":[{"embeddable":true,"href":"https:\/\/cav.fluxwebs.com\/es\/wp-json\/wp\/v2\/comments?post=6059"}],"wp:featuredmedia":[{"embeddable":true,"href":"https:\/\/cav.fluxwebs.com\/es\/wp-json\/wp\/v2\/media\/6082"}],"wp:attachment":[{"href":"https:\/\/cav.fluxwebs.com\/es\/wp-json\/wp\/v2\/media?parent=6059"}],"wp:term":[{"taxonomy":"product_brand","embeddable":true,"href":"https:\/\/cav.fluxwebs.com\/es\/wp-json\/wp\/v2\/product_brand?post=6059"},{"taxonomy":"product_cat","embeddable":true,"href":"https:\/\/cav.fluxwebs.com\/es\/wp-json\/wp\/v2\/product_cat?post=6059"},{"taxonomy":"product_tag","embeddable":true,"href":"https:\/\/cav.fluxwebs.com\/es\/wp-json\/wp\/v2\/product_tag?post=6059"}],"curies":[{"name":"wp","href":"https:\/\/api.w.org\/{rel}","templated":true}]}}