{"id":6056,"date":"2026-02-04T20:21:51","date_gmt":"2026-02-04T23:21:51","guid":{"rendered":"https:\/\/cav.fluxwebs.com\/?post_type=product&#038;p=6056"},"modified":"2026-02-04T20:52:39","modified_gmt":"2026-02-04T23:52:39","slug":"gd-super-lifepo4-12-8v-200ah-battery","status":"publish","type":"product","link":"https:\/\/cav.fluxwebs.com\/es\/producto\/gd-super-lifepo4-12-8v-200ah-battery\/","title":{"rendered":"Bater\u00eda GD Super LiFePO4 de 12,8 V y 200 Ah"},"content":{"rendered":"<p><strong>Bater\u00eda de fosfato de hierro y litio GD Super de 200 A<\/strong> \u2014 12.8V (LiFePO4)<\/p>\n<p data-start=\"1423\" data-end=\"1704\" class=\"translation-block\">Alimente sus sistemas de energ\u00eda con la <strong data-start=\"1716\" data-end=\"1756\">bater\u00eda GD Super LiFePO4 de 12,8 V y 200 Ah<\/strong>, una soluci\u00f3n de alto rendimiento dise\u00f1ada para aplicaciones exigentes como sistemas solares, inversores, veh\u00edculos recreativos, uso mar\u00edtimo y energ\u00eda de respaldo. Ofrece una mayor vida \u00fatil, carga r\u00e1pida y mayor seguridad en comparaci\u00f3n con las bater\u00edas de plomo-\u00e1cido tradicionales, ideal para un almacenamiento de energ\u00eda eficiente a largo plazo.<\/p>\n<p data-start=\"2350\" data-end=\"2371\" class=\"translation-block\"><strong data-start=\"2350\" data-end=\"2371\">Caracter\u00edsticas del producto:<\/strong><br>\nTecnolog\u00eda: Fosfato de hierro y litio (LiFePO4).<br data-start=\"2120\" data-end=\"2123\">Capacidad nominal: 200 Ah.<br data-start=\"2147\" data-end=\"2150\">Tensi\u00f3n nominal: 12,8 V.<br data-start=\"2176\" data-end=\"2179\">Vida \u00fatil: Hasta 4000\u20136000 ciclos con una profundidad de descarga del 80 %.<br data-start=\"2319\" data-end=\"2322\">BMS integrado: Protecci\u00f3n contra sobrecarga, sobredescarga, cortocircuito y temperatura.<br data-start=\"2418\" data-end=\"2421\">Rango de temperatura de funcionamiento: -20 \u00b0C a +60 \u00b0C.<br data-start=\"2471\"> Aplicaciones: Sistemas solares, UPS, veh\u00edculos recreativos, embarcaciones, configuraciones fuera de la red, respaldo de energ\u00eda.<br data-start=\"2554\" data-end=\"2557\">Seguridad: Alta estabilidad t\u00e9rmica y qu\u00edmica, sin mantenimiento.<\/p>","protected":false},"excerpt":{"rendered":"<p data-start=\"2510\" data-end=\"2643\">Bater\u00eda de litio GD Super LiFePO4 de alto rendimiento de 12,8 V y 200 Ah para sistemas solares, inversores y sistemas de respaldo. Larga vida \u00fatil, carga r\u00e1pida y mayor seguridad.<\/p>\n<p><!-- Galletas Dulces --><\/p>","protected":false},"featured_media":6076,"comment_status":"open","ping_status":"closed","template":"","meta":{"_kad_post_transparent":"default","_kad_post_title":"","_kad_post_layout":"default","_kad_post_sidebar_id":"","_kad_post_content_style":"default","_kad_post_vertical_padding":"default","_kad_post_feature":"","_kad_post_feature_position":"","_kad_post_header":false,"_kad_post_footer":false,"_kad_post_classname":""},"product_brand":[],"product_cat":[183],"product_tag":[278,279,185],"class_list":{"0":"post-6056","1":"product","2":"type-product","3":"status-publish","4":"has-post-thumbnail","6":"product_cat-renewable-energy","7":"product_tag-battery","8":"product_tag-inverters","9":"product_tag-solar-panels","10":"product_shipping_class-medium","11":"mulopimfwc_store_location-moron","13":"first","14":"instock","15":"purchasable","16":"product-type-simple","17":"entry","18":"content-bg","19":"loop-entry"},"publishpress_future_action":{"enabled":false,"date":"2026-04-23 13:23:29","action":"change-status","newStatus":"draft","terms":[],"taxonomy":"product_brand","extraData":[]},"publishpress_future_workflow_manual_trigger":{"enabledWorkflows":[]},"_links":{"self":[{"href":"https:\/\/cav.fluxwebs.com\/es\/wp-json\/wp\/v2\/product\/6056","targetHints":{"allow":["GET"]}}],"collection":[{"href":"https:\/\/cav.fluxwebs.com\/es\/wp-json\/wp\/v2\/product"}],"about":[{"href":"https:\/\/cav.fluxwebs.com\/es\/wp-json\/wp\/v2\/types\/product"}],"replies":[{"embeddable":true,"href":"https:\/\/cav.fluxwebs.com\/es\/wp-json\/wp\/v2\/comments?post=6056"}],"wp:featuredmedia":[{"embeddable":true,"href":"https:\/\/cav.fluxwebs.com\/es\/wp-json\/wp\/v2\/media\/6076"}],"wp:attachment":[{"href":"https:\/\/cav.fluxwebs.com\/es\/wp-json\/wp\/v2\/media?parent=6056"}],"wp:term":[{"taxonomy":"product_brand","embeddable":true,"href":"https:\/\/cav.fluxwebs.com\/es\/wp-json\/wp\/v2\/product_brand?post=6056"},{"taxonomy":"product_cat","embeddable":true,"href":"https:\/\/cav.fluxwebs.com\/es\/wp-json\/wp\/v2\/product_cat?post=6056"},{"taxonomy":"product_tag","embeddable":true,"href":"https:\/\/cav.fluxwebs.com\/es\/wp-json\/wp\/v2\/product_tag?post=6056"}],"curies":[{"name":"wp","href":"https:\/\/api.w.org\/{rel}","templated":true}]}}