{"id":5908,"date":"2026-02-04T20:20:46","date_gmt":"2026-02-04T23:20:46","guid":{"rendered":"https:\/\/cav.fluxwebs.com\/?post_type=product&#038;p=5908"},"modified":"2026-02-24T13:04:53","modified_gmt":"2026-02-24T16:04:53","slug":"freezer-2","status":"publish","type":"product","link":"https:\/\/cav.fluxwebs.com\/es\/producto\/freezer-2\/","title":{"rendered":"Nevera"},"content":{"rendered":"<p data-start=\"1141\" data-end=\"1507\">Congelador MILEXUS (6 \/ 10.5 \/ 16 pies c\u00fabicos)<\/p>\n<p data-start=\"2265\" data-end=\"2605\">Mejore la conservaci\u00f3n de sus alimentos con los congeladores MILEXUS, dise\u00f1ados para brindar eficiencia, durabilidad y un rendimiento de refrigeraci\u00f3n constante. Disponibles en capacidades de 6, 10.5 y 16 pies c\u00fabicos, ofrecen un almacenamiento \u00f3ptimo para bebidas, productos frescos y congelados, a la vez que mantienen temperaturas bajas estables gracias a un sistema de refrigeraci\u00f3n de alta confiabilidad.<\/p>\n<p data-start=\"2607\" data-end=\"2865\">Con un dise\u00f1o compacto y elegante, y un bajo consumo energ\u00e9tico, estos congeladores garantizan frescura y comodidad a diario. Perfectos para cocinas dom\u00e9sticas, lavaderos, peque\u00f1os comercios, cafeter\u00edas y negocios que necesiten una soluci\u00f3n de refrigeraci\u00f3n resistente y econ\u00f3mica.<\/p>\n<h6 data-start=\"2987\" data-end=\"3014\"><strong data-start=\"2991\" data-end=\"3012\">Caracter\u00edsticas del producto:<\/strong><\/h6>\n<p data-start=\"3015\" data-end=\"3541\" class=\"translation-block\">Capacidades disponibles: 6, 10.5, 16 pies c\u00fabicos.<br data-start=\"3067\" data-end=\"3070\">\u00a0Eficiencia energ\u00e9tica: Bajo consumo (seg\u00fan el modelo)<br data-start=\"3124\" data-end=\"3127\">\u00a0Nivel de ruido: Bajo<br data-start=\"3354\" data-end=\"3357\">\u00a0Peso: Entre 20 y 40 kg seg\u00fan el tama\u00f1o<br data-start=\"3473\" data-end=\"3476\">\u00a0Tipo de enfriamiento: Fr\u00edo directo o semi-fr\u00edo (seg\u00fan disponibilidad)<br data-start=\"2891\" data-end=\"2894\">\u00a0Incluye un mes de garant\u00eda y factura.<\/p>","protected":false},"excerpt":{"rendered":"<p data-start=\"2947\" data-end=\"3086\">Congeladores MILEXUS compactos y eficientes de 6 a 16 pies c\u00fabicos: ideales para hogares o negocios que buscan un gran rendimiento de refrigeraci\u00f3n con bajo consumo de energ\u00eda.<\/p>\n<p><!-- Galletas Dulces --><\/p>","protected":false},"featured_media":5999,"comment_status":"open","ping_status":"closed","template":"","meta":{"_kad_post_transparent":"default","_kad_post_title":"","_kad_post_layout":"default","_kad_post_sidebar_id":"","_kad_post_content_style":"default","_kad_post_vertical_padding":"default","_kad_post_feature":"","_kad_post_feature_position":"","_kad_post_header":false,"_kad_post_footer":false,"_kad_post_classname":""},"product_brand":[235],"product_cat":[89],"product_tag":[200,225,208],"class_list":{"0":"post-5908","1":"product","2":"type-product","3":"status-publish","4":"has-post-thumbnail","6":"product_brand-milexus","7":"product_cat-electrodomestics","8":"product_tag-electrodomestic","9":"product_tag-freezer","10":"product_tag-kitchen","11":"product_shipping_class-heavy","12":"mulopimfwc_store_location-moron","14":"first","15":"instock","16":"purchasable","17":"product-type-variable","18":"entry","19":"content-bg","20":"loop-entry"},"publishpress_future_action":{"enabled":false,"date":"2026-04-23 13:23:33","action":"change-status","newStatus":"draft","terms":[],"taxonomy":"product_brand","extraData":[]},"publishpress_future_workflow_manual_trigger":{"enabledWorkflows":[]},"_links":{"self":[{"href":"https:\/\/cav.fluxwebs.com\/es\/wp-json\/wp\/v2\/product\/5908","targetHints":{"allow":["GET"]}}],"collection":[{"href":"https:\/\/cav.fluxwebs.com\/es\/wp-json\/wp\/v2\/product"}],"about":[{"href":"https:\/\/cav.fluxwebs.com\/es\/wp-json\/wp\/v2\/types\/product"}],"replies":[{"embeddable":true,"href":"https:\/\/cav.fluxwebs.com\/es\/wp-json\/wp\/v2\/comments?post=5908"}],"wp:featuredmedia":[{"embeddable":true,"href":"https:\/\/cav.fluxwebs.com\/es\/wp-json\/wp\/v2\/media\/5999"}],"wp:attachment":[{"href":"https:\/\/cav.fluxwebs.com\/es\/wp-json\/wp\/v2\/media?parent=5908"}],"wp:term":[{"taxonomy":"product_brand","embeddable":true,"href":"https:\/\/cav.fluxwebs.com\/es\/wp-json\/wp\/v2\/product_brand?post=5908"},{"taxonomy":"product_cat","embeddable":true,"href":"https:\/\/cav.fluxwebs.com\/es\/wp-json\/wp\/v2\/product_cat?post=5908"},{"taxonomy":"product_tag","embeddable":true,"href":"https:\/\/cav.fluxwebs.com\/es\/wp-json\/wp\/v2\/product_tag?post=5908"}],"curies":[{"name":"wp","href":"https:\/\/api.w.org\/{rel}","templated":true}]}}